{"id":1436,"date":"2014-03-13T09:03:29","date_gmt":"2014-03-13T09:03:29","guid":{"rendered":"https:\/\/golfdesign.pt\/apelo-a-acao\/"},"modified":"2025-10-15T16:16:02","modified_gmt":"2025-10-15T16:16:02","slug":"apelo-a-acao","status":"publish","type":"page","link":"https:\/\/golfdesign.pt\/pt-pt\/apelo-a-acao\/","title":{"rendered":"Apelo \u00e0 a\u00e7\u00e3o"},"content":{"rendered":"<h4 class=\"call-action\">Curr\u00edculo de Jorge Santana da Silva<a href=\"https:\/\/golfdesign.pt\/wp-content\/uploads\/2025\/10\/HISTORIAL-PROFISSIONAL.pdf\" target=\"_self\" class=\"newave-button medium grey move\">Download<\/a><\/h4>\n","protected":false},"excerpt":{"rendered":"Curr\u00edculo de Jorge Santana da SilvaDownload","protected":false},"author":1,"featured_media":0,"parent":0,"menu_order":0,"comment_status":"closed","ping_status":"closed","template":"","meta":{"footnotes":""},"class_list":["post-1436","page","type-page","status-publish","hentry"],"_links":{"self":[{"href":"https:\/\/golfdesign.pt\/pt-pt\/wp-json\/wp\/v2\/pages\/1436","targetHints":{"allow":["GET"]}}],"collection":[{"href":"https:\/\/golfdesign.pt\/pt-pt\/wp-json\/wp\/v2\/pages"}],"about":[{"href":"https:\/\/golfdesign.pt\/pt-pt\/wp-json\/wp\/v2\/types\/page"}],"author":[{"embeddable":true,"href":"https:\/\/golfdesign.pt\/pt-pt\/wp-json\/wp\/v2\/users\/1"}],"replies":[{"embeddable":true,"href":"https:\/\/golfdesign.pt\/pt-pt\/wp-json\/wp\/v2\/comments?post=1436"}],"version-history":[{"count":6,"href":"https:\/\/golfdesign.pt\/pt-pt\/wp-json\/wp\/v2\/pages\/1436\/revisions"}],"predecessor-version":[{"id":1804,"href":"https:\/\/golfdesign.pt\/pt-pt\/wp-json\/wp\/v2\/pages\/1436\/revisions\/1804"}],"wp:attachment":[{"href":"https:\/\/golfdesign.pt\/pt-pt\/wp-json\/wp\/v2\/media?parent=1436"}],"curies":[{"name":"wp","href":"https:\/\/api.w.org\/{rel}","templated":true}]}}