{"id":1465,"date":"2014-03-13T08:55:32","date_gmt":"2014-03-13T08:55:32","guid":{"rendered":"https:\/\/golfdesign.pt\/citacao-2\/"},"modified":"2024-01-15T11:34:26","modified_gmt":"2024-01-15T11:34:26","slug":"citacao-2","status":"publish","type":"page","link":"https:\/\/golfdesign.pt\/pt-pt\/citacao-2\/","title":{"rendered":"Cita\u00e7\u00e3o 2"},"content":{"rendered":"<p><br \/><br \/><div class=\"quote\"><h1><span class=\"quote-img\"><img decoding=\"async\" src=\"https:\/\/golfdesign.pt\/wp-content\/themes\/newave-theme\/images\/quote1.png\"><\/span>Naturais ou artificiais, as formas e ondula\u00e7\u00f5es devem criar a escultura \u00fanica de cada novo design.<span class=\"quote-img\"><img decoding=\"async\" src=\"https:\/\/golfdesign.pt\/wp-content\/themes\/newave-theme\/images\/quote2.png\"><\/span><\/h1><p> - Jorge Santana da Silva - <\/p><\/div><br \/><br \/><\/p>\n","protected":false},"excerpt":{"rendered":"Naturais ou artificiais, as formas e ondula\u00e7\u00f5es devem criar a escultura \u00fanica de cada novo design. - Jorge Santana da Silva -","protected":false},"author":1,"featured_media":0,"parent":0,"menu_order":0,"comment_status":"closed","ping_status":"open","template":"","meta":{"footnotes":""},"class_list":["post-1465","page","type-page","status-publish","hentry"],"_links":{"self":[{"href":"https:\/\/golfdesign.pt\/pt-pt\/wp-json\/wp\/v2\/pages\/1465","targetHints":{"allow":["GET"]}}],"collection":[{"href":"https:\/\/golfdesign.pt\/pt-pt\/wp-json\/wp\/v2\/pages"}],"about":[{"href":"https:\/\/golfdesign.pt\/pt-pt\/wp-json\/wp\/v2\/types\/page"}],"author":[{"embeddable":true,"href":"https:\/\/golfdesign.pt\/pt-pt\/wp-json\/wp\/v2\/users\/1"}],"replies":[{"embeddable":true,"href":"https:\/\/golfdesign.pt\/pt-pt\/wp-json\/wp\/v2\/comments?post=1465"}],"version-history":[{"count":3,"href":"https:\/\/golfdesign.pt\/pt-pt\/wp-json\/wp\/v2\/pages\/1465\/revisions"}],"predecessor-version":[{"id":1470,"href":"https:\/\/golfdesign.pt\/pt-pt\/wp-json\/wp\/v2\/pages\/1465\/revisions\/1470"}],"wp:attachment":[{"href":"https:\/\/golfdesign.pt\/pt-pt\/wp-json\/wp\/v2\/media?parent=1465"}],"curies":[{"name":"wp","href":"https:\/\/api.w.org\/{rel}","templated":true}]}}