{"id":1474,"date":"2014-03-13T08:08:39","date_gmt":"2014-03-13T08:08:39","guid":{"rendered":"https:\/\/golfdesign.pt\/servicos\/"},"modified":"2024-06-29T19:24:50","modified_gmt":"2024-06-29T19:24:50","slug":"servicos","status":"publish","type":"page","link":"https:\/\/golfdesign.pt\/pt-pt\/servicos\/","title":{"rendered":"Servi\u00e7os"},"content":{"rendered":"<ul class=\"technology\"><li class=\"\"><i class=\"\"><\/i><h5><\/h5><p><\/p>\n<h4 style=\"text-align: left;\"><strong>PLANEAMENTO DO TERRIT\u00d3RIO<\/strong><\/h4>\n<h4 style=\"text-align: left;\">Masterplan Geral, Conceito de Resort, Instala\u00e7\u00f5es Desportivas, Utiliza\u00e7\u00e3o dos Solos, Turismo, Habita\u00e7\u00e3o, Paisagismo, Perspectivas 3D, Fotomontagens, Apresenta\u00e7\u00f5es em V\u00eddeo<\/h4>\n<h4 style=\"text-align: left;\"><strong>ARQUITECTURA DE CAMPOS DE GOLFE<\/strong><\/h4>\n<h4 style=\"text-align: left;\">Conceito Geral de Desenvolvimento, Alternativas de Percurso, Planeamento Geral<\/h4>\n<h4 style=\"text-align: left;\"><strong>VIABILIDADE DO CAMPO DE GOLFE<\/strong><\/h4>\n<h4 style=\"text-align: left;\">Campeonato, Resort, Campos Curtos, Viabilidade de Desenvolvimento, ClubHouse, Centro de Opera\u00e7\u00f5es de Manuten\u00e7\u00e3o, Estimativas de Custos<\/h4>\n<p><\/p><\/li><li class=\"\"><i class=\"\"><\/i><h5><\/h5><p><\/p>\n<h4 style=\"text-align: left;\"><strong>AVALIA\u00c7\u00c3O AMBIENTAL<\/strong><\/h4>\n<h4 style=\"text-align: left;\">Impacto Ambiental Inicial, An\u00e1lise dos Recursos H\u00eddricos, Conceito de Gest\u00e3o da \u00c1gua, Lagos, Cursos de \u00c1gua, Zonas H\u00famidas<\/h4>\n<h4 style=\"text-align: left;\"><strong>DOCUMENTOS DE CONSTRU\u00c7\u00c3O<\/strong><\/h4>\n<h4 style=\"text-align: left;\">Plano de Percurso Final, Plano e Especifica\u00e7\u00f5es de Implanta\u00e7\u00e3o, Plano e Especifica\u00e7\u00f5es de desmata\u00e7\u00e3o, Plano e Especifica\u00e7\u00f5es de Curvas de N\u00edvel, Plano e Especifica\u00e7\u00f5es de Terraplenagem, Plano e Especifica\u00e7\u00f5es de Drenagem, Irriga\u00e7\u00e3o, Pormenores de Constru\u00e7\u00e3o, Listas de Quantidades, Propostas de Empreiteiros, Avalia\u00e7\u00e3o<\/h4>\n<p><\/p><\/li><li class=\"\"><i class=\"\"><\/i><h5><\/h5><p><\/p>\n<h4 style=\"text-align: left;\"><strong>SERVI\u00c7OS DE CONSTRU\u00c7\u00c3O<\/strong><\/h4>\n<h4 style=\"text-align: left;\">Conce\u00e7\u00e3o e Supervis\u00e3o, Visitas Peri\u00f3dicas \u00e0 Obra, Inspe\u00e7\u00e3o Fase a Fase, Esbo\u00e7os Art\u00edsticos e T\u00e9cnicos, An\u00e1lise da Dire\u00e7\u00e3o e Inclina\u00e7\u00e3o de um Green, An\u00e1lise da Eleva\u00e7\u00e3o de um Green<\/h4>\n<h4 style=\"text-align: left;\"><strong>SERVI\u00c7OS DE CONSULTORIA<\/strong><\/h4>\n<h4 style=\"text-align: left;\">Equipamento de Manuten\u00e7\u00e3o, Conceito de Instala\u00e7\u00f5es de Manuten\u00e7\u00e3o, Informa\u00e7\u00e3o, Promo\u00e7\u00e3o<\/h4>\n<p><\/p><\/li><\/ul>\n","protected":false},"excerpt":{"rendered":"PLANEAMENTO DO TERRIT\u00d3RIO Masterplan Geral, Conceito de Resort, Instala\u00e7\u00f5es Desportivas, Utiliza\u00e7\u00e3o dos Solos, Turismo, Habita\u00e7\u00e3o, Paisagismo, Perspectivas 3D, Fotomontagens, Apresenta\u00e7\u00f5es em V\u00eddeo ARQUITECTURA DE CAMPOS DE GOLFE Conceito Geral de Desenvolvimento, Alternativas de Percurso, Planeamento Geral VIABILIDADE DO CAMPO DE GOLFE Campeonato, Resort, Campos Curtos, Viabilidade de Desenvolvimento, ClubHouse, Centro de Opera\u00e7\u00f5es de Manuten\u00e7\u00e3o, Estimativas [...]","protected":false},"author":1,"featured_media":0,"parent":0,"menu_order":0,"comment_status":"closed","ping_status":"closed","template":"","meta":{"footnotes":""},"class_list":["post-1474","page","type-page","status-publish","hentry"],"_links":{"self":[{"href":"https:\/\/golfdesign.pt\/pt-pt\/wp-json\/wp\/v2\/pages\/1474","targetHints":{"allow":["GET"]}}],"collection":[{"href":"https:\/\/golfdesign.pt\/pt-pt\/wp-json\/wp\/v2\/pages"}],"about":[{"href":"https:\/\/golfdesign.pt\/pt-pt\/wp-json\/wp\/v2\/types\/page"}],"author":[{"embeddable":true,"href":"https:\/\/golfdesign.pt\/pt-pt\/wp-json\/wp\/v2\/users\/1"}],"replies":[{"embeddable":true,"href":"https:\/\/golfdesign.pt\/pt-pt\/wp-json\/wp\/v2\/comments?post=1474"}],"version-history":[{"count":3,"href":"https:\/\/golfdesign.pt\/pt-pt\/wp-json\/wp\/v2\/pages\/1474\/revisions"}],"predecessor-version":[{"id":1675,"href":"https:\/\/golfdesign.pt\/pt-pt\/wp-json\/wp\/v2\/pages\/1474\/revisions\/1675"}],"wp:attachment":[{"href":"https:\/\/golfdesign.pt\/pt-pt\/wp-json\/wp\/v2\/media?parent=1474"}],"curies":[{"name":"wp","href":"https:\/\/api.w.org\/{rel}","templated":true}]}}